{"id":26,"date":"2026-02-02T19:14:55","date_gmt":"2026-02-02T19:14:55","guid":{"rendered":"https:\/\/kaizenfinanciero.com\/blog\/"},"modified":"2026-02-02T19:14:55","modified_gmt":"2026-02-02T19:14:55","slug":"blog","status":"publish","type":"page","link":"https:\/\/kaizenfinanciero.com\/en\/blog\/","title":{"rendered":"Blog"},"content":{"rendered":"\t\t<div data-elementor-type=\"wp-page\" data-elementor-id=\"26\" class=\"elementor elementor-26\">\n\t\t\t\t<div class=\"elementor-element elementor-element-ba811fa hostinger-ai-our-blog-1 e-flex e-con-boxed e-con e-parent\" data-id=\"ba811fa\" data-element_type=\"container\" data-e-type=\"container\">\n\t\t\t\t\t<div class=\"e-con-inner\">\n\t\t<div class=\"elementor-element elementor-element-a118213 e-con-full e-flex e-con e-child\" data-id=\"a118213\" data-element_type=\"container\" data-e-type=\"container\">\n\t\t\t\t<div class=\"elementor-element elementor-element-7ec273d hostinger-ai-title elementor-widget elementor-widget-heading\" data-id=\"7ec273d\" data-element_type=\"widget\" data-e-type=\"widget\" data-widget_type=\"heading.default\">\n\t\t\t\t\t<h2 class=\"elementor-heading-title elementor-size-default\">\u00daltimos art\u00edculos<\/h2>\t\t\t\t<\/div>\n\t\t\t\t<\/div>\n\t\t<div class=\"elementor-element elementor-element-e10e199 e-con-full e-flex e-con e-child\" data-id=\"e10e199\" data-element_type=\"container\" data-e-type=\"container\">\n\t\t\t\t<div class=\"elementor-element elementor-element-4d9c0f1 elementor-widget elementor-widget-hostinger-blog-posts\" data-id=\"4d9c0f1\" data-element_type=\"widget\" data-e-type=\"widget\" data-widget_type=\"hostinger-blog-posts.default\">\n\t\t\t\t<div class=\"elementor-widget-container\">\n\t\t\t\t\t        <div class=\"hostinger-blog-posts-widget\">\n            <div class=\"blog-posts-grid\">\n                                    <article class=\"blog-post-item\">\n                                                    <div class=\"post-thumbnail\">\n                                <a href=\"https:\/\/kaizenfinanciero.com\/en\/understanding-financial-kaizen-a-path-to-economic-freedom\/\">\n                                    <img fetchpriority=\"high\" decoding=\"async\" width=\"1024\" height=\"1024\" src=\"https:\/\/images.unsplash.com\/photo-1618044733300-9472054094ee?q=85&amp;w=1024&amp;h=1024\" class=\"attachment-large size-large wp-post-image\" alt=\"\" \/>                                <\/a>\n                            <\/div>\n                        \n                        <h3 class=\"post-title\">\n                            <a href=\"https:\/\/kaizenfinanciero.com\/en\/understanding-financial-kaizen-a-path-to-economic-freedom\/\">\n                                Understanding Financial Kaizen: A Path to Economic Freedom                            <\/a>\n                        <\/h3>\n\n                        <div class=\"post-excerpt\">\n                            What is Financial Kaizen? Financial Kaizen is rooted in the Japanese concept of kaizen (\u6539\u5584), which translates to &#8220;continuous improvement.&#8221;...                        <\/div>\n\n                                                    <div class=\"post-date\">\n                                2\/2\/2026                            <\/div>\n                                            <\/article>\n                                    <article class=\"blog-post-item\">\n                                                    <div class=\"post-thumbnail\">\n                                <a href=\"https:\/\/kaizenfinanciero.com\/en\/understanding-financial-kaizen-a-path-to-financial-freedom\/\">\n                                    <img decoding=\"async\" width=\"1024\" height=\"1024\" src=\"https:\/\/images.unsplash.com\/photo-1579532582937-16c108930bf6?q=85&amp;w=1024&amp;h=1024\" class=\"attachment-large size-large wp-post-image\" alt=\"\" \/>                                <\/a>\n                            <\/div>\n                        \n                        <h3 class=\"post-title\">\n                            <a href=\"https:\/\/kaizenfinanciero.com\/en\/understanding-financial-kaizen-a-path-to-financial-freedom\/\">\n                                Understanding Financial Kaizen: A Path to Financial Freedom                            <\/a>\n                        <\/h3>\n\n                        <div class=\"post-excerpt\">\n                            What is Financial Kaizen? Financial kaizen, rooted in the Japanese philosophy of continuous improvement, refers to applying this principle specifically...                        <\/div>\n\n                                                    <div class=\"post-date\">\n                                2\/2\/2026                            <\/div>\n                                            <\/article>\n                                            <\/div>\n        <\/div>\n        \t\t\t\t<\/div>\n\t\t\t\t<\/div>\n\t\t\t\t<\/div>\n\t\t\t\t\t<\/div>\n\t\t\t\t<\/div>\n\t\t<div class=\"elementor-element elementor-element-76384ba hostinger-ai-our-services-2 e-flex e-con-boxed e-con e-parent\" data-id=\"76384ba\" data-element_type=\"container\" data-e-type=\"container\" data-settings=\"{&quot;background_background&quot;:&quot;classic&quot;}\">\n\t\t\t\t\t<div class=\"e-con-inner\">\n\t\t<div class=\"elementor-element elementor-element-6aabfe1 e-con-full e-flex e-con e-child\" data-id=\"6aabfe1\" data-element_type=\"container\" data-e-type=\"container\">\n\t\t\t\t<div class=\"elementor-element elementor-element-f7ed4dd hostinger-ai-title elementor-widget elementor-widget-heading\" data-id=\"f7ed4dd\" data-element_type=\"widget\" data-e-type=\"widget\" data-widget_type=\"heading.default\">\n\t\t\t\t\t<h2 class=\"elementor-heading-title elementor-size-default\">Our Services<\/h2>\t\t\t\t<\/div>\n\t\t<div class=\"elementor-element elementor-element-fdcb56c e-grid e-con-full e-con e-child\" data-id=\"fdcb56c\" data-element_type=\"container\" data-e-type=\"container\">\n\t\t<div class=\"elementor-element elementor-element-df3b27a e-con-full e-flex e-con e-child\" data-id=\"df3b27a\" data-element_type=\"container\" data-e-type=\"container\">\n\t\t\t\t<div class=\"elementor-element elementor-element-d13d5fe hostinger-ai-service-image elementor-widget elementor-widget-image\" data-id=\"d13d5fe\" data-element_type=\"widget\" data-e-type=\"widget\" data-widget_type=\"image.default\">\n\t\t\t\t\t\t\t\t\t\t\t\t\t\t\t<img decoding=\"async\" src=\"https:\/\/images.unsplash.com\/photo-1588238322667-8a094228ccc5?q=85&#038;w=340&#038;h=340&#038;fit=crop\" title=\"\" alt=\"A smartphone displaying the phrase &#039;Save Money&#039; in bold black letters on a white screen is placed on a green textured surface. The phone is oriented landscape, and the background features subtle circular patterns.\" loading=\"lazy\" \/>\t\t\t\t\t\t\t\t\t\t\t\t\t\t\t<\/div>\n\t\t\t\t<div class=\"elementor-element elementor-element-3e790c6 hostinger-ai-service-description elementor-widget elementor-widget-text-editor\" data-id=\"3e790c6\" data-element_type=\"widget\" data-e-type=\"widget\" data-widget_type=\"text-editor.default\">\n\t\t\t\t\t\t\t\t\tDaily financial tips to help you improve step by step.\t\t\t\t\t\t\t\t<\/div>\n\t\t\t\t<\/div>\n\t\t<div class=\"elementor-element elementor-element-0d9383c e-con-full e-flex e-con e-child\" data-id=\"0d9383c\" data-element_type=\"container\" data-e-type=\"container\">\n\t\t\t\t<div class=\"elementor-element elementor-element-3377a60 hostinger-ai-service-image hostinger-index-1 elementor-widget elementor-widget-image\" data-id=\"3377a60\" data-element_type=\"widget\" data-e-type=\"widget\" data-widget_type=\"image.default\">\n\t\t\t\t\t\t\t\t\t\t\t\t\t\t\t<img decoding=\"async\" src=\"https:\/\/images.unsplash.com\/photo-1587697446083-e96d16f0be94?q=85&#038;w=340&#038;h=340&#038;fit=crop\" title=\"\" alt=\"A person standing in front of a projector screen displaying interest rates and other financial information. The person appears to be giving a presentation or lecture in a classroom or office setting. A computer monitor and some papers are visible on a desk in the foreground.\" loading=\"lazy\" \/>\t\t\t\t\t\t\t\t\t\t\t\t\t\t\t<\/div>\n\t\t\t\t<div class=\"elementor-element elementor-element-97eff75 hostinger-ai-service-description hostinger-index-1 elementor-widget elementor-widget-text-editor\" data-id=\"97eff75\" data-element_type=\"widget\" data-e-type=\"widget\" data-widget_type=\"text-editor.default\">\n\t\t\t\t\t\t\t\t\tGuidance on creating budgets that grow your financial stability.\t\t\t\t\t\t\t\t<\/div>\n\t\t\t\t<\/div>\n\t\t<div class=\"elementor-element elementor-element-cb22ced e-con-full e-flex e-con e-child\" data-id=\"cb22ced\" data-element_type=\"container\" data-e-type=\"container\">\n\t\t\t\t<div class=\"elementor-element elementor-element-7f71384 hostinger-ai-service-image hostinger-index-2 elementor-widget elementor-widget-image\" data-id=\"7f71384\" data-element_type=\"widget\" data-e-type=\"widget\" data-widget_type=\"image.default\">\n\t\t\t\t\t\t\t\t\t\t\t\t\t\t\t<img decoding=\"async\" src=\"https:\/\/images.unsplash.com\/photo-1673871816208-fe53c9375737?q=85&#038;w=340&#038;h=340&#038;fit=crop\" title=\"\" alt=\"A three-dimensional cube with words on its visible sides, featuring &#039;LEARN&#039; on the top, &#039;SAVE&#039; on the left face, and &#039;INVEST&#039; on the right face. The cube is rendered in a minimalist white and gray color palette, creating a clean and professional look.\" loading=\"lazy\" \/>\t\t\t\t\t\t\t\t\t\t\t\t\t\t\t<\/div>\n\t\t\t\t<div class=\"elementor-element elementor-element-9a21c25 hostinger-ai-service-description hostinger-index-1 elementor-widget elementor-widget-text-editor\" data-id=\"9a21c25\" data-element_type=\"widget\" data-e-type=\"widget\" data-widget_type=\"text-editor.default\">\n\t\t\t\t\t\t\t\t\tGuidance on creating budgets that grow your financial stability.\t\t\t\t\t\t\t\t<\/div>\n\t\t\t\t<\/div>\n\t\t\t\t<\/div>\n\t\t\t\t<\/div>\n\t\t\t\t\t<\/div>\n\t\t\t\t<\/div>\n\t\t<div class=\"elementor-element elementor-element-11cbd29 e-flex e-con-boxed e-con e-parent\" data-id=\"11cbd29\" data-element_type=\"container\" data-e-type=\"container\">\n\t\t\t\t\t<div class=\"e-con-inner\">\n\t\t<div class=\"elementor-element elementor-element-261ddac e-con-full e-flex e-con e-child\" data-id=\"261ddac\" data-element_type=\"container\" data-e-type=\"container\">\n\t\t\t\t<div class=\"elementor-element elementor-element-60c2af6 hostinger-ai-subtitle elementor-widget elementor-widget-heading\" data-id=\"60c2af6\" data-element_type=\"widget\" data-e-type=\"widget\" data-widget_type=\"heading.default\">\n\t\t\t\t\t<h2 class=\"elementor-heading-title elementor-size-default\">Opiniones reales<\/h2>\t\t\t\t<\/div>\n\t\t\t\t<\/div>\n\t\t<div class=\"elementor-element elementor-element-ff11174 e-grid e-con-full e-con e-child\" data-id=\"ff11174\" data-element_type=\"container\" data-e-type=\"container\">\n\t\t<div class=\"elementor-element elementor-element-c3d65bc e-con-full e-flex e-con e-child\" data-id=\"c3d65bc\" data-element_type=\"container\" data-e-type=\"container\">\n\t\t\t\t<div class=\"elementor-element elementor-element-4c853de hostinger-ai-testimonial-image elementor-widget elementor-widget-image\" data-id=\"4c853de\" data-element_type=\"widget\" data-e-type=\"widget\" data-widget_type=\"image.default\">\n\t\t\t\t\t\t\t\t\t\t\t\t\t\t\t<img decoding=\"async\" src=\"https:\/\/kaizenfinanciero.com\/wp-content\/themes\/hostinger-ai-theme\/assets\/images\/testimonials\/man-1-400x450-c.jpg\" title=\"\" alt=\"\" loading=\"lazy\" \/>\t\t\t\t\t\t\t\t\t\t\t\t\t\t\t<\/div>\n\t\t\t\t<div class=\"elementor-element elementor-element-97b59d3 hostinger-ai-testimonial-text elementor-widget elementor-widget-text-editor\" data-id=\"97b59d3\" data-element_type=\"widget\" data-e-type=\"widget\" data-widget_type=\"text-editor.default\">\n\t\t\t\t\t\t\t\t\tKaizen financiero me ense\u00f1\u00f3 a mejorar mis finanzas paso a paso, sin estr\u00e9s.\t\t\t\t\t\t\t\t<\/div>\n\t\t\t\t<\/div>\n\t\t<div class=\"elementor-element elementor-element-51b7a88 e-con-full e-flex e-con e-child\" data-id=\"51b7a88\" data-element_type=\"container\" data-e-type=\"container\">\n\t\t\t\t<div class=\"elementor-element elementor-element-4aeef2c hostinger-ai-testimonial-image hostinger-index-1 elementor-widget elementor-widget-image\" data-id=\"4aeef2c\" data-element_type=\"widget\" data-e-type=\"widget\" data-widget_type=\"image.default\">\n\t\t\t\t\t\t\t\t\t\t\t\t\t\t\t<img decoding=\"async\" src=\"https:\/\/kaizenfinanciero.com\/wp-content\/themes\/hostinger-ai-theme\/assets\/images\/testimonials\/man-10-400x450-c.jpg\" title=\"\" alt=\"\" loading=\"lazy\" \/>\t\t\t\t\t\t\t\t\t\t\t\t\t\t\t<\/div>\n\t\t\t\t<div class=\"elementor-element elementor-element-7f1becc hostinger-ai-testimonial-text hostinger-index-1 elementor-widget elementor-widget-text-editor\" data-id=\"7f1becc\" data-element_type=\"widget\" data-e-type=\"widget\" data-widget_type=\"text-editor.default\">\n\t\t\t\t\t\t\t\t\tGracias a Kaizen financiero, ahora administro mi dinero con disciplina y confianza.\t\t\t\t\t\t\t\t<\/div>\n\t\t\t\t<\/div>\n\t\t\t\t<\/div>\n\t\t\t\t\t<\/div>\n\t\t\t\t<\/div>\n\t\t\t\t<\/div>\n\t\t","protected":false},"excerpt":{"rendered":"","protected":false},"author":1,"featured_media":0,"parent":0,"menu_order":0,"comment_status":"closed","ping_status":"closed","template":"","meta":{"footnotes":""},"class_list":["post-26","page","type-page","status-publish","hentry"],"_hostinger_reach_plugin_has_subscription_block":false,"_hostinger_reach_plugin_is_elementor":false,"_links":{"self":[{"href":"https:\/\/kaizenfinanciero.com\/en\/wp-json\/wp\/v2\/pages\/26","targetHints":{"allow":["GET"]}}],"collection":[{"href":"https:\/\/kaizenfinanciero.com\/en\/wp-json\/wp\/v2\/pages"}],"about":[{"href":"https:\/\/kaizenfinanciero.com\/en\/wp-json\/wp\/v2\/types\/page"}],"author":[{"embeddable":true,"href":"https:\/\/kaizenfinanciero.com\/en\/wp-json\/wp\/v2\/users\/1"}],"replies":[{"embeddable":true,"href":"https:\/\/kaizenfinanciero.com\/en\/wp-json\/wp\/v2\/comments?post=26"}],"version-history":[{"count":0,"href":"https:\/\/kaizenfinanciero.com\/en\/wp-json\/wp\/v2\/pages\/26\/revisions"}],"wp:attachment":[{"href":"https:\/\/kaizenfinanciero.com\/en\/wp-json\/wp\/v2\/media?parent=26"}],"curies":[{"name":"wp","href":"https:\/\/api.w.org\/{rel}","templated":true}]}}